{"id":72,"date":"2013-02-16T18:40:40","date_gmt":"2013-02-16T17:40:40","guid":{"rendered":"http:\/\/antikoren.se\/mynthandeln\/?page_id=72"},"modified":"2016-05-27T02:02:08","modified_gmt":"2016-05-27T00:02:08","slug":"antikoren","status":"publish","type":"page","link":"http:\/\/antikoren.se\/mynthandeln\/antikoren\/","title":{"rendered":"ANTIK\u00d6REN MYNTHANDEL"},"content":{"rendered":"<p><a href=\"http:\/\/media.antikoren.se\/2013\/02\/antikoren_35ar_romic_black_450.jpg\"><img loading=\"lazy\" decoding=\"async\" class=\"alignnone size-full wp-image-561\" src=\"http:\/\/media.antikoren.se\/2013\/02\/antikoren_35ar_romic_black_450.jpg\" alt=\"antikoren_35ar_romic_black_450\" width=\"450\" height=\"98\" srcset=\"http:\/\/media.antikoren.se\/2013\/02\/antikoren_35ar_romic_black_450.jpg 450w, http:\/\/media.antikoren.se\/2013\/02\/antikoren_35ar_romic_black_450-300x65.jpg 300w\" sizes=\"auto, (max-width: 450px) 100vw, 450px\" \/><\/a><\/p>\n<p><strong>ANTIK\u00d6REN MYNTHANDEL\u00a0 &#8211;\u00a0 i samma regi\u00a0sedan 1981.<\/strong><br \/>\nAntik\u00f6ren KB \u00e4gs och drivs av Ulf Ottosson och har varit i myntsamlarnas och numismatikens tj\u00e4nst sedan 1981. Vi k\u00f6per, s\u00e4ljer, byter, auktionerar, v\u00e4rderar, f\u00f6rmedlar, fotograferar, beskriver\u00a0&#8211; och <a href=\"http:\/\/myntbloggen.se\/\" target=\"_blank\">bloggar<\/a> om numismatiska mynt, medaljer, sedlar, polletter, numismatisk litteratur, primitiva betalningsmedel etc. etc.<\/p>\n<p><strong>V\u00e5rt kunnande \u00e4r Din garanti f\u00f6r ett lyckat resultat!<br \/>\n<\/strong>Vi har mycket l\u00e5ng erfarenhet av numismatik, mynt och medaljer. Stort kunnande och kontaktn\u00e4t ger oss m\u00f6jlighet att hj\u00e4lpa s\u00e5v\u00e4l s\u00f6kande\u00a0samlare,\u00a0som s\u00e4ljare som vill uppn\u00e5 b\u00e4sta m\u00f6jliga f\u00f6rs\u00e4ljningsresultat. F\u00f6rutom att vi k\u00f6per och s\u00e4ljer kontant, \u00e5tar vi\u00a0oss \u00e4ven kommissionsuppdrag f\u00f6r s\u00e4ljare som \u00f6nskar professionell hj\u00e4lp med\u00a0att hitta och utnyttja r\u00e4tt f\u00f6rs\u00e4ljningskanal. &#8211; Vi ger Dig kort och gott b\u00e4sta nettoresultat!<\/p>\n<p>Efter att ha haft \u00f6ppen butik i centrala G\u00f6teborg i \u00f6ver 25 \u00e5r (1981-2007), driver vi numera verksamheten helt och h\u00e5llet via internet. Du n\u00e5r oss\u00a0l\u00e4ttast via e-post:<\/p>\n<p><a href=\"http:\/\/media.antikoren.se\/2016\/05\/uon_email_logo_300x60.jpg\"><img loading=\"lazy\" decoding=\"async\" class=\"alignnone wp-image-559\" src=\"http:\/\/media.antikoren.se\/2016\/05\/uon_email_logo_300x60.jpg\" alt=\"uon_email_logo_300x60\" width=\"200\" height=\"40\" \/><\/a><\/p>\n<p><strong>Mellan Lilla London och Lilla Paris<\/strong><br \/>\nSedan 2004 har <strong>Antik\u00f6ren KB<\/strong>\u00a0kontor i natursk\u00f6na Gr\u00e4fsn\u00e4s utanf\u00f6r Alings\u00e5s &#8211; bland sj\u00f6arna (Mj\u00f6rn och Anten) mellan Lilla London (G\u00f6teborg) och Lilla Paris (V\u00e4nersborg). Vi tar generellt inte emot n\u00e5gra kundbes\u00f6k, men kan g\u00f6ra undantag f\u00f6r tidsbest\u00e4llda konsultationer, auktionsinl\u00e4mningar eller v\u00e4rderingar. Vill Du syna v\u00e5rt lager, h\u00e4nvisar vi till FriMynt i Helsingborg i april m\u00e5nad (tala g\u00e4rna om vad du vill se i f\u00f6rv\u00e4g), samt v\u00e5ra olika f\u00f6rs\u00e4ljningsplatser p\u00e5 n\u00e4tet &#8211; <a href=\"http:\/\/antikoren.se\/mynthandeln\/\"><strong>Antik\u00f6ren.se<\/strong><\/a>, <a href=\"http:\/\/stores.ebay.com\/UON-se-COINS-and-ART-MEDALS?refid=store\" target=\"_blank\"><strong>eBay.com<\/strong><\/a>\u00a0och <a href=\"http:\/\/www.tradera.com\/finding.mvc\/itemlisting?ftgnr=1140266&amp;mode=1\" target=\"_blank\"><strong>Tradera.com<\/strong><\/a>. P\u00e5 v\u00e5rt kontor i Alings\u00e5s finns normalt inga mynt\u00a0att titta p\u00e5, d\u00e5 de f\u00f6rvaras i bankfack.<\/p>\n<p><strong>ANTIK\u00d6REN KB<\/strong><br \/>\nUlf Ottosson<br \/>\nVikingabo<br \/>\n441 91\u00a0 Alings\u00e5s<\/p>\n<p><a href=\"http:\/\/media.antikoren.se\/2016\/05\/uon_email_logo_300x60.jpg\"><img loading=\"lazy\" decoding=\"async\" class=\"alignnone wp-image-559\" src=\"http:\/\/media.antikoren.se\/2016\/05\/uon_email_logo_300x60.jpg\" alt=\"uon_email_logo_300x60\" width=\"200\" height=\"40\" \/><\/a><\/p>\n<p>&nbsp;<\/p>\n<p>&nbsp;<\/p>\n","protected":false},"excerpt":{"rendered":"<p>ANTIK\u00d6REN MYNTHANDEL\u00a0 &#8211;\u00a0 i samma regi\u00a0sedan 1981. Antik\u00f6ren KB \u00e4gs och drivs av Ulf Ottosson och har varit i myntsamlarnas och numismatikens tj\u00e4nst sedan 1981. Vi k\u00f6per, s\u00e4ljer, byter, auktionerar, v\u00e4rderar, f\u00f6rmedlar, fotograferar, beskriver\u00a0&#8211; och bloggar om numismatiska mynt, medaljer, sedlar, polletter, numismatisk litteratur, primitiva betalningsmedel etc. etc. V\u00e5rt kunnande \u00e4r Din garanti f\u00f6r ett [&hellip;]<\/p>\n","protected":false},"author":1,"featured_media":0,"parent":0,"menu_order":0,"comment_status":"open","ping_status":"open","template":"","meta":{"footnotes":""},"class_list":["post-72","page","type-page","status-publish","hentry"],"_links":{"self":[{"href":"http:\/\/antikoren.se\/mynthandeln\/wp-json\/wp\/v2\/pages\/72","targetHints":{"allow":["GET"]}}],"collection":[{"href":"http:\/\/antikoren.se\/mynthandeln\/wp-json\/wp\/v2\/pages"}],"about":[{"href":"http:\/\/antikoren.se\/mynthandeln\/wp-json\/wp\/v2\/types\/page"}],"author":[{"embeddable":true,"href":"http:\/\/antikoren.se\/mynthandeln\/wp-json\/wp\/v2\/users\/1"}],"replies":[{"embeddable":true,"href":"http:\/\/antikoren.se\/mynthandeln\/wp-json\/wp\/v2\/comments?post=72"}],"version-history":[{"count":27,"href":"http:\/\/antikoren.se\/mynthandeln\/wp-json\/wp\/v2\/pages\/72\/revisions"}],"predecessor-version":[{"id":587,"href":"http:\/\/antikoren.se\/mynthandeln\/wp-json\/wp\/v2\/pages\/72\/revisions\/587"}],"wp:attachment":[{"href":"http:\/\/antikoren.se\/mynthandeln\/wp-json\/wp\/v2\/media?parent=72"}],"curies":[{"name":"wp","href":"https:\/\/api.w.org\/{rel}","templated":true}]}}