{"id":588,"date":"2016-05-27T18:44:55","date_gmt":"2016-05-27T16:44:55","guid":{"rendered":"http:\/\/antikoren.se\/mynthandeln\/?page_id=588"},"modified":"2016-05-27T18:47:46","modified_gmt":"2016-05-27T16:47:46","slug":"kvalitetsbedomning-en-svar-konst","status":"publish","type":"page","link":"http:\/\/antikoren.se\/mynthandeln\/antikoren\/kvalitetsbedomning-en-svar-konst\/","title":{"rendered":"Kvalitetsbed\u00f6mning"},"content":{"rendered":"<p><a href=\"http:\/\/media.antikoren.se\/2016\/05\/grading_black_1200s.jpg\"><img loading=\"lazy\" decoding=\"async\" class=\"alignright size-medium wp-image-590\" src=\"http:\/\/media.antikoren.se\/2016\/05\/grading_black_1200s-300x300.jpg\" alt=\"grading_black_1200s\" width=\"300\" height=\"300\" srcset=\"http:\/\/media.antikoren.se\/2016\/05\/grading_black_1200s-300x300.jpg 300w, http:\/\/media.antikoren.se\/2016\/05\/grading_black_1200s-150x150.jpg 150w, http:\/\/media.antikoren.se\/2016\/05\/grading_black_1200s-768x768.jpg 768w, http:\/\/media.antikoren.se\/2016\/05\/grading_black_1200s-1024x1024.jpg 1024w, http:\/\/media.antikoren.se\/2016\/05\/grading_black_1200s-180x180.jpg 180w, http:\/\/media.antikoren.se\/2016\/05\/grading_black_1200s-600x600.jpg 600w, http:\/\/media.antikoren.se\/2016\/05\/grading_black_1200s.jpg 1200w\" sizes=\"auto, (max-width: 300px) 100vw, 300px\" \/><\/a>Ett gammalt mynt kan vara v\u00e4ldigt intressant oavsett vilket skick det befinner sig i. Men dess ekonomiska v\u00e4rde kan variera oerh\u00f6rt mycket, beroende p\u00e5 just skick. Ett or\u00f6rt, &#8221;ocirkulerat&#8221;, exemplar (spritt nytt fr\u00e5n banken) kan faktiskt kosta lika mycket pengar som tusen stycken &#8221;lika dana&#8221; i slitet skick. &#8211; Varf\u00f6r det? &#8211; Jo, i vanlig ordningar \u00e4r det tillg\u00e5ng och efterfr\u00e5gan som styr priserna. Det finns generellt gott om slitna mynt och ont om spritt nya. Och d\u00e5 de flesta myntsamlare efterstr\u00e4var s\u00e5 vackra exemplar som ekonomin till\u00e5ter, betyder detta att konkurrensen \u00f6kar med kvalit\u00e9n.<\/p>\n<p>Men att l\u00e4ra sig kvalitetbed\u00f6mning \u00e4r inte gjort i en hast. Det tar l\u00e5ng tid att utveckla ett skarpt \u00f6ga f\u00f6r denna \u00e4dla konst. Men det \u00e4r inte desto mindre en kunskap som \u00e4r n\u00f6dv\u00e4ndig att beh\u00e4rska. Den som k\u00f6per ett \u00f6verklassat mynt kan g\u00f6ra en d\u00e5lig aff\u00e4r, medan den som k\u00f6per ett underklassat dito kan g\u00f6ra en bra. Kvalitetsbed\u00f6ming \u00e4r n\u00e4mligen ingen exakt vetenskap &#8211; \u00e4ven om man numera g\u00f6r mer och mer f\u00f6r att f\u00f6rs\u00f6ka f\u00e5 den till just det.<\/p>\n<p><a href=\"http:\/\/media.antikoren.se\/2016\/05\/kvalitetsskala_1994.jpg\"><img loading=\"lazy\" decoding=\"async\" class=\"alignright size-medium wp-image-592\" src=\"http:\/\/media.antikoren.se\/2016\/05\/kvalitetsskala_1994-300x300.jpg\" alt=\"kvalitetsskala_1994\" width=\"300\" height=\"300\" srcset=\"http:\/\/media.antikoren.se\/2016\/05\/kvalitetsskala_1994-300x300.jpg 300w, http:\/\/media.antikoren.se\/2016\/05\/kvalitetsskala_1994-150x150.jpg 150w, http:\/\/media.antikoren.se\/2016\/05\/kvalitetsskala_1994-180x180.jpg 180w, http:\/\/media.antikoren.se\/2016\/05\/kvalitetsskala_1994.jpg 600w\" sizes=\"auto, (max-width: 300px) 100vw, 300px\" \/><\/a>Redan i december 1994 lanserade Mynttidningen ett f\u00f6rslag till en f\u00f6rnyad och f\u00f6rb\u00e4ttrad kvalitetsskala. Denna \u00e4r en utveckling av den traditionella, men lite knepiga, appelgrenska skalan fr\u00e5n 1910-talet. I och med att denna \u00e4r s\u00e5 inrotad i de nordiska l\u00e4nderna, vore det dumt att f\u00f6rs\u00f6ka inf\u00f6ra en helt ny skala. SNF gjorde ett f\u00f6rs\u00f6k med en tiogradig skala i b\u00f6rjan av 1970-talet, men den fick aldrig n\u00e5got egentligt genomslag. Den mest utvecklade skalan finns &#8211; naturligtvis &#8211; i USA. D\u00e4r finns v\u00e4rldens st\u00f6rsta myntmarknad och denna har framtvingat en noggrannare bed\u00f6mning &#8211; speciellt f\u00f6r de ocirkulerade mynten. N\u00e4r dagens mynt l\u00e4mnar banken \u00e4r de ju som bekant ytterligt s\u00e4llan perfekta (i myntsamlarens \u00f6gon), utan p.g.a. sortering, transport etc. n\u00e4stan alltid beh\u00e4ftade med mer eller mindre markanta hanteringsm\u00e4rken. F\u00f6r finsmakaren inom myntsamleriet \u00e4r det just det perfekta, utopiska exemplaret som h\u00e4grar. Ett exemplar utan minsta lilla kontaktm\u00e4rke. Ett s\u00e5dant mynt \u00e4r &#8211; om det har lite \u00e5lder &#8211; extremt s\u00e4llsynt och naturligtvis mycket eftertraktat &#8211; och d\u00e4rmed ocks\u00e5 kostbart. Priserna styrs ju alltid av tillg\u00e5ng och efterfr\u00e5gan. Liten tillg\u00e5ng och stor efterfr\u00e5gan betyder h\u00f6gt v\u00e4rde.<\/p>\n<p><a href=\"http:\/\/media.antikoren.se\/2016\/05\/perfekt_blankslitet_800s.jpg\"><img loading=\"lazy\" decoding=\"async\" class=\"alignnone size-full wp-image-593\" src=\"http:\/\/media.antikoren.se\/2016\/05\/perfekt_blankslitet_800s.jpg\" alt=\"perfekt_blankslitet_800s\" width=\"800\" height=\"400\" srcset=\"http:\/\/media.antikoren.se\/2016\/05\/perfekt_blankslitet_800s.jpg 800w, http:\/\/media.antikoren.se\/2016\/05\/perfekt_blankslitet_800s-300x150.jpg 300w, http:\/\/media.antikoren.se\/2016\/05\/perfekt_blankslitet_800s-768x384.jpg 768w\" sizes=\"auto, (max-width: 800px) 100vw, 800px\" \/><\/a>Mynttidningens nya kvalitetsskala \u00e4r en kombination av de tre n\u00e4mnda &#8211; Appelgrens, SNF:s och den f\u00f6rfinade amerikanska 70-gradiga skalan. F\u00f6r att g\u00f6ra det enkelt och underl\u00e4tta f\u00f6r anv\u00e4ndare av olika skalor samt dessutom g\u00f6ra klassningen en smula mer begriplig f\u00f6r gemene man, har vi satt ytterligheterna &#8211; perfekt och n\u00e4stan oidentifierbart &#8211; till 100 respektive 1. Ett &#8221;100%-igt mynt&#8221; \u00e4r l\u00e4tt att f\u00f6rest\u00e4lla sig &#8211; motsatsen likas\u00e5. Dessa mynt &#8211; i m\u00e5n av att de finns &#8211; \u00e4r inga problem att klassa! Det \u00e4r alla mynt d\u00e4remellan som inneb\u00e4r sv\u00e5righeter. Sm\u00e5 skillnader i kvalitet &#8211; kan inneb\u00e4ra stora skillnader i v\u00e4rde. <a href=\"http:\/\/www.mynthandeln.com\/kvalitet\/index.htm\">Mynthandeln.com<\/a> har st\u00e4llt samman en liten &#8221;kvalitetsbed\u00f6mningslektion&#8221; d\u00e4r du kan j\u00e4mf\u00f6ra olika intilliggande kvalit\u00e9er. Vill du studera skillnaderna mellan kvalitet &#8221;1+-60&#8221; och &#8221;1-40&#8221; klickar du bara p\u00e5 j\u00e4mf\u00f6r-ikonen d\u00e4remellan osv.<\/p>\n<p><a href=\"http:\/\/media.antikoren.se\/2016\/05\/grading1_1850x1100_black_s.jpg\"><img loading=\"lazy\" decoding=\"async\" class=\"alignnone size-full wp-image-595\" src=\"http:\/\/media.antikoren.se\/2016\/05\/grading1_1850x1100_black_s.jpg\" alt=\"grading1_1850x1100_black_s\" width=\"1850\" height=\"1100\" srcset=\"http:\/\/media.antikoren.se\/2016\/05\/grading1_1850x1100_black_s.jpg 1850w, http:\/\/media.antikoren.se\/2016\/05\/grading1_1850x1100_black_s-300x178.jpg 300w, http:\/\/media.antikoren.se\/2016\/05\/grading1_1850x1100_black_s-768x457.jpg 768w, http:\/\/media.antikoren.se\/2016\/05\/grading1_1850x1100_black_s-1024x609.jpg 1024w\" sizes=\"auto, (max-width: 1850px) 100vw, 1850px\" \/><\/a><\/p>\n","protected":false},"excerpt":{"rendered":"<p>Ett gammalt mynt kan vara v\u00e4ldigt intressant oavsett vilket skick det befinner sig i. Men dess ekonomiska v\u00e4rde kan variera oerh\u00f6rt mycket, beroende p\u00e5 just skick. Ett or\u00f6rt, &#8221;ocirkulerat&#8221;, exemplar (spritt nytt fr\u00e5n banken) kan faktiskt kosta lika mycket pengar som tusen stycken &#8221;lika dana&#8221; i slitet skick. &#8211; Varf\u00f6r det? &#8211; Jo, i vanlig [&hellip;]<\/p>\n","protected":false},"author":1,"featured_media":0,"parent":72,"menu_order":0,"comment_status":"closed","ping_status":"closed","template":"","meta":{"footnotes":""},"class_list":["post-588","page","type-page","status-publish","hentry"],"_links":{"self":[{"href":"http:\/\/antikoren.se\/mynthandeln\/wp-json\/wp\/v2\/pages\/588","targetHints":{"allow":["GET"]}}],"collection":[{"href":"http:\/\/antikoren.se\/mynthandeln\/wp-json\/wp\/v2\/pages"}],"about":[{"href":"http:\/\/antikoren.se\/mynthandeln\/wp-json\/wp\/v2\/types\/page"}],"author":[{"embeddable":true,"href":"http:\/\/antikoren.se\/mynthandeln\/wp-json\/wp\/v2\/users\/1"}],"replies":[{"embeddable":true,"href":"http:\/\/antikoren.se\/mynthandeln\/wp-json\/wp\/v2\/comments?post=588"}],"version-history":[{"count":5,"href":"http:\/\/antikoren.se\/mynthandeln\/wp-json\/wp\/v2\/pages\/588\/revisions"}],"predecessor-version":[{"id":597,"href":"http:\/\/antikoren.se\/mynthandeln\/wp-json\/wp\/v2\/pages\/588\/revisions\/597"}],"up":[{"embeddable":true,"href":"http:\/\/antikoren.se\/mynthandeln\/wp-json\/wp\/v2\/pages\/72"}],"wp:attachment":[{"href":"http:\/\/antikoren.se\/mynthandeln\/wp-json\/wp\/v2\/media?parent=588"}],"curies":[{"name":"wp","href":"https:\/\/api.w.org\/{rel}","templated":true}]}}