{"id":34,"date":"2013-02-16T16:55:20","date_gmt":"2013-02-16T15:55:20","guid":{"rendered":"http:\/\/antikoren.se\/mynthandeln\/?page_id=34"},"modified":"2013-02-22T19:26:25","modified_gmt":"2013-02-22T18:26:25","slug":"ovrigt-various","status":"publish","type":"page","link":"http:\/\/antikoren.se\/mynthandeln\/ovrigt-various\/","title":{"rendered":"\u00d6VRIGT \/ Various"},"content":{"rendered":"<p><a href=\"http:\/\/media.antikoren.se\/2013\/02\/ovrigt_vinjett_720.jpg\"><img loading=\"lazy\" decoding=\"async\" class=\"alignnone size-full wp-image-196\" alt=\"ovrigt_vinjett_720\" src=\"http:\/\/media.antikoren.se\/2013\/02\/ovrigt_vinjett_720.jpg\" width=\"720\" height=\"160\" srcset=\"http:\/\/media.antikoren.se\/2013\/02\/ovrigt_vinjett_720.jpg 720w, http:\/\/media.antikoren.se\/2013\/02\/ovrigt_vinjett_720-300x66.jpg 300w, http:\/\/media.antikoren.se\/2013\/02\/ovrigt_vinjett_720-500x111.jpg 500w\" sizes=\"auto, (max-width: 720px) 100vw, 720px\" \/><\/a><\/p>\n<p><strong>Under \u00f6vrigt h\u00e4r p\u00e5 Antik\u00f6ren.se kommer Du bl.a. hitta f\u00f6ljande\u00a0huvudkategorier:<\/strong><\/p>\n<ul>\n<li><a href=\"http:\/\/antikoren.se\/mynthandeln\/ovrigt-various\/before-money\/\"><strong>PRIMITIVA BETALNINGSMEDEL<\/strong><\/a><\/li>\n<li><a href=\"http:\/\/antikoren.se\/mynthandeln\/ovrigt-various\/tokens-polletter\/\"><strong>POLLETTER &amp; SPELPENNINGAR<\/strong><\/a><\/li>\n<li><a href=\"http:\/\/antikoren.se\/mynthandeln\/ovrigt-various\/numismatisk-litteratur\/\"><strong>NUMISMATISK LITTERATUR<\/strong><\/a><\/li>\n<\/ul>\n<p><strong>FR\u00c5GOR &amp; BEST\u00c4LLNINGAR:<br \/>\n<\/strong> <a href=\"MAILTO:uon@live.se\" target=\"blank\"><img loading=\"lazy\" decoding=\"async\" alt=\"\" src=\"http:\/\/www.antikoren.se\/email_uon_183x33.jpg\" width=\"183\" height=\"33\" border=\"0\" \/><\/a><\/p>\n<p><strong>V\u00e4lkommen till Antik\u00f6ren.se!<\/strong><br \/>\n\/Ulf Ottosson<\/p>\n<hr \/>\n<p>&nbsp;<\/p>\n<p><img loading=\"lazy\" decoding=\"async\" alt=\"\" src=\"http:\/\/www.uon.se\/english.gif\" width=\"32\" height=\"20\" border=\"0\" \/> <em><strong>Welcome to ANTIKOREN!<\/strong>\u00a0 We have been collecting and dealing with COINS and ART MEDALS since the 1970&#8217;s and arranged +50 International Coin Auctions since 1986. After 25 years with an open store in Gothenburg, SWEDEN, we are now dealing exclusively over the Internet, primarily on Antikoren.se, eBay.com and Tradera.com.<\/em><\/p>\n<p><strong>In the various section on Antikoren.se you will find the following main categories:<\/strong><\/p>\n<ul>\n<li><a href=\"http:\/\/antikoren.se\/mynthandeln\/ovrigt-various\/before-money\/\"><strong>PRE MONETARY MONEY<\/strong><\/a><\/li>\n<li><a href=\"http:\/\/antikoren.se\/mynthandeln\/ovrigt-various\/tokens-polletter\/\"><strong>TOKENS &amp; MARKERS<\/strong><\/a><\/li>\n<li><a href=\"http:\/\/antikoren.se\/mynthandeln\/ovrigt-various\/numismatisk-litteratur\/\"><strong>NUMISMATIC LITERATURE<\/strong><\/a><\/li>\n<\/ul>\n<p><strong>QUESTIONS &amp; ORDERS:<br \/>\n<\/strong> <a href=\"MAILTO:uon@live.se\" target=\"blank\"><img loading=\"lazy\" decoding=\"async\" alt=\"\" src=\"http:\/\/www.antikoren.se\/email_uon_183x33.jpg\" width=\"183\" height=\"33\" border=\"0\" \/><\/a><\/p>\n<p><strong>Welcome to till Antikoren.se!<\/strong><br \/>\n\/Ulf Ottosson<\/p>\n<p>&nbsp;<\/p>\n<p>&nbsp;<\/p>\n","protected":false},"excerpt":{"rendered":"<p>Under \u00f6vrigt h\u00e4r p\u00e5 Antik\u00f6ren.se kommer Du bl.a. hitta f\u00f6ljande\u00a0huvudkategorier: PRIMITIVA BETALNINGSMEDEL POLLETTER &amp; SPELPENNINGAR NUMISMATISK LITTERATUR FR\u00c5GOR &amp; BEST\u00c4LLNINGAR: V\u00e4lkommen till Antik\u00f6ren.se! \/Ulf Ottosson &nbsp; Welcome to ANTIKOREN!\u00a0 We have been collecting and dealing with COINS and ART MEDALS since the 1970&#8217;s and arranged +50 International Coin Auctions since 1986. After 25 years with [&hellip;]<\/p>\n","protected":false},"author":1,"featured_media":0,"parent":0,"menu_order":4,"comment_status":"open","ping_status":"open","template":"","meta":{"footnotes":""},"class_list":["post-34","page","type-page","status-publish","hentry"],"_links":{"self":[{"href":"http:\/\/antikoren.se\/mynthandeln\/wp-json\/wp\/v2\/pages\/34","targetHints":{"allow":["GET"]}}],"collection":[{"href":"http:\/\/antikoren.se\/mynthandeln\/wp-json\/wp\/v2\/pages"}],"about":[{"href":"http:\/\/antikoren.se\/mynthandeln\/wp-json\/wp\/v2\/types\/page"}],"author":[{"embeddable":true,"href":"http:\/\/antikoren.se\/mynthandeln\/wp-json\/wp\/v2\/users\/1"}],"replies":[{"embeddable":true,"href":"http:\/\/antikoren.se\/mynthandeln\/wp-json\/wp\/v2\/comments?post=34"}],"version-history":[{"count":5,"href":"http:\/\/antikoren.se\/mynthandeln\/wp-json\/wp\/v2\/pages\/34\/revisions"}],"predecessor-version":[{"id":323,"href":"http:\/\/antikoren.se\/mynthandeln\/wp-json\/wp\/v2\/pages\/34\/revisions\/323"}],"wp:attachment":[{"href":"http:\/\/antikoren.se\/mynthandeln\/wp-json\/wp\/v2\/media?parent=34"}],"curies":[{"name":"wp","href":"https:\/\/api.w.org\/{rel}","templated":true}]}}