{"id":30,"date":"2013-02-16T16:54:05","date_gmt":"2013-02-16T15:54:05","guid":{"rendered":"http:\/\/antikoren.se\/mynthandeln\/?page_id=30"},"modified":"2013-02-22T19:20:07","modified_gmt":"2013-02-22T18:20:07","slug":"sedlar-paper-money","status":"publish","type":"page","link":"http:\/\/antikoren.se\/mynthandeln\/sedlar-paper-money\/","title":{"rendered":"SEDLAR \/ Paper Money"},"content":{"rendered":"<p><a href=\"http:\/\/media.antikoren.se\/2013\/02\/sedel_vinjett_720.jpg\"><img loading=\"lazy\" decoding=\"async\" class=\"alignnone size-full wp-image-194\" alt=\"sedel_vinjett_720\" src=\"http:\/\/media.antikoren.se\/2013\/02\/sedel_vinjett_720.jpg\" width=\"720\" height=\"160\" srcset=\"http:\/\/media.antikoren.se\/2013\/02\/sedel_vinjett_720.jpg 720w, http:\/\/media.antikoren.se\/2013\/02\/sedel_vinjett_720-300x66.jpg 300w, http:\/\/media.antikoren.se\/2013\/02\/sedel_vinjett_720-500x111.jpg 500w\" sizes=\"auto, (max-width: 720px) 100vw, 720px\" \/><\/a><\/p>\n<p><strong>Sedelavdelningen h\u00e4r p\u00e5 Antik\u00f6ren.se \u00e4r fortfarande under utarbetande &#8230;<\/strong><\/p>\n<p><a href=\"MAILTO:uon@live.se\" target=\"blank\"><img loading=\"lazy\" decoding=\"async\" alt=\"\" src=\"http:\/\/www.antikoren.se\/email_uon_183x33.jpg\" width=\"183\" height=\"33\" border=\"0\" \/><\/a><\/p>\n<p><strong>V\u00e4lkommen till Antik\u00f6ren.se!<\/strong><br \/>\n\/Ulf Ottosson<\/p>\n<hr \/>\n<p>&nbsp;<\/p>\n<p><img loading=\"lazy\" decoding=\"async\" alt=\"\" src=\"http:\/\/www.uon.se\/english.gif\" width=\"32\" height=\"20\" border=\"0\" \/> <em><strong>Welcome to ANTIKOREN!<\/strong>\u00a0 We have been collecting and dealing with COINS and ART MEDALS since the 1970&#8217;s and arranged +50 International Coin Auctions since 1986. After 25 years with an open store in Gothenburg, SWEDEN, we are now dealing exclusively over the Internet, primarily on Antikoren.se, eBay.com and Tradera.com.<\/em><\/p>\n<p><strong>The paper money category on Antikoren.se will be posted later &#8230;<\/strong><\/p>\n<p><a href=\"MAILTO:uon@live.se\" target=\"blank\"><img loading=\"lazy\" decoding=\"async\" alt=\"\" src=\"http:\/\/www.antikoren.se\/email_uon_183x33.jpg\" width=\"183\" height=\"33\" border=\"0\" \/><\/a><\/p>\n<p><strong>Welcome to till Antikoren.se!<\/strong><br \/>\n\/Ulf Ottosson<\/p>\n<p>&nbsp;<\/p>\n<p>&nbsp;<\/p>\n","protected":false},"excerpt":{"rendered":"<p>Sedelavdelningen h\u00e4r p\u00e5 Antik\u00f6ren.se \u00e4r fortfarande under utarbetande &#8230; V\u00e4lkommen till Antik\u00f6ren.se! \/Ulf Ottosson &nbsp; Welcome to ANTIKOREN!\u00a0 We have been collecting and dealing with COINS and ART MEDALS since the 1970&#8217;s and arranged +50 International Coin Auctions since 1986. After 25 years with an open store in Gothenburg, SWEDEN, we are now dealing exclusively [&hellip;]<\/p>\n","protected":false},"author":1,"featured_media":0,"parent":0,"menu_order":3,"comment_status":"open","ping_status":"open","template":"","meta":{"footnotes":""},"class_list":["post-30","page","type-page","status-publish","hentry"],"_links":{"self":[{"href":"http:\/\/antikoren.se\/mynthandeln\/wp-json\/wp\/v2\/pages\/30","targetHints":{"allow":["GET"]}}],"collection":[{"href":"http:\/\/antikoren.se\/mynthandeln\/wp-json\/wp\/v2\/pages"}],"about":[{"href":"http:\/\/antikoren.se\/mynthandeln\/wp-json\/wp\/v2\/types\/page"}],"author":[{"embeddable":true,"href":"http:\/\/antikoren.se\/mynthandeln\/wp-json\/wp\/v2\/users\/1"}],"replies":[{"embeddable":true,"href":"http:\/\/antikoren.se\/mynthandeln\/wp-json\/wp\/v2\/comments?post=30"}],"version-history":[{"count":6,"href":"http:\/\/antikoren.se\/mynthandeln\/wp-json\/wp\/v2\/pages\/30\/revisions"}],"predecessor-version":[{"id":33,"href":"http:\/\/antikoren.se\/mynthandeln\/wp-json\/wp\/v2\/pages\/30\/revisions\/33"}],"wp:attachment":[{"href":"http:\/\/antikoren.se\/mynthandeln\/wp-json\/wp\/v2\/media?parent=30"}],"curies":[{"name":"wp","href":"https:\/\/api.w.org\/{rel}","templated":true}]}}