{"id":263,"date":"2013-02-21T12:31:45","date_gmt":"2013-02-21T11:31:45","guid":{"rendered":"http:\/\/antikoren.se\/mynthandeln\/?page_id=263"},"modified":"2016-05-26T23:28:48","modified_gmt":"2016-05-26T21:28:48","slug":"orders-bestallningar","status":"publish","type":"page","link":"http:\/\/antikoren.se\/mynthandeln\/antikoren\/orders-bestallningar\/","title":{"rendered":"Orders \/ Best\u00e4llningar"},"content":{"rendered":"<p><a href=\"http:\/\/media.antikoren.se\/2013\/02\/antikoren_35ar_romic_black_450.jpg\"><img loading=\"lazy\" decoding=\"async\" class=\"alignnone size-full wp-image-561\" src=\"http:\/\/media.antikoren.se\/2013\/02\/antikoren_35ar_romic_black_450.jpg\" alt=\"antikoren_35ar_romic_black_450\" width=\"450\" height=\"98\" srcset=\"http:\/\/media.antikoren.se\/2013\/02\/antikoren_35ar_romic_black_450.jpg 450w, http:\/\/media.antikoren.se\/2013\/02\/antikoren_35ar_romic_black_450-300x65.jpg 300w\" sizes=\"auto, (max-width: 450px) 100vw, 450px\" \/><\/a><\/p>\n<p><strong>Handla tryggt hos ANTIK\u00d6REN MYNTHANDEL!<\/strong><br \/>\nV\u00e5ra f\u00f6rs\u00e4ljningsvillkor p\u00e5 <strong>eBay<\/strong> och <strong>Tradera<\/strong> framg\u00e5r av respektive annons. P\u00e5 dessa sajter anv\u00e4nder vi automatiska avslutsmail. Har du inte f\u00e5tt n\u00e5got s\u00e5dant &#8211; h\u00f6r av dig! H\u00e4r p\u00e5 <strong>Antik\u00f6ren.se<\/strong>\u00a0g\u00f6rs best\u00e4llningarna enklast via e-post. V\u00e4nligen inv\u00e4nta en orderbekr\u00e4ftelse med fraktkostnad innan Du betalar &#8230; och ange sedan\u00a0ordernummer p\u00e5 Din inbetalningen (alternativt ALIAS p\u00e5 eBay\/Tradera-inbetalningar).<\/p>\n<ul>\n<li><strong>\u00c4kthetsgaranti och full returr\u00e4tt ing\u00e5r alltid hos Antik\u00f6ren.<\/strong><\/li>\n<li>Frakt tillkommer enl. Postens taxa, dock l\u00e4gst Kr 20:-. REK \u00f6ver Kr 500:-.<\/li>\n<li>F\u00f6rskottsbetalning till bankkonto (alt. PayPal = +5% inom EU och REK).<\/li>\n<li>Vi samfraktar g\u00e4rna &#8211; \u00e4ven objekt som ink\u00f6pts via olika kanaler.<\/li>\n<li>Betalning inom 5 dagar &#8211; \u00e4ven om f\u00f6rs\u00e4ndelsen skall skickas senare.<\/li>\n<\/ul>\n<p><strong>Tack f\u00f6r aff\u00e4ren och v\u00e4lkommen \u00e5ter!<\/strong><br \/>\nL\u00e5t oss g\u00e4rna veta om det \u00e4r n\u00e5got annat du s\u00f6ker? Vi har ett omf\u00e5ngsrikt lager av mynt, medaljer, sedlar, polletter, numismatisk litteratur etc. och dessutom ett stort internationellt kontaktn\u00e4t efter drygt 30 \u00e5rs verksamhet. &#8211; Vi hj\u00e4lper g\u00e4rna till!<\/p>\n<p><strong>Med b\u00e4sta h\u00e4lsningar<br \/>\n<\/strong>Ulf Ottosson, UON.se<br \/>\nANTIK\u00d6REN KB<\/p>\n<p><strong>FR\u00c5GOR &amp; BEST\u00c4LLNINGAR:<\/strong><\/p>\n<p><strong><a href=\"http:\/\/media.antikoren.se\/2016\/05\/uon_email_logo_300x60.jpg\"><img loading=\"lazy\" decoding=\"async\" class=\"alignnone wp-image-559\" src=\"http:\/\/media.antikoren.se\/2016\/05\/uon_email_logo_300x60.jpg\" alt=\"uon_email_logo_300x60\" width=\"200\" height=\"40\" \/><\/a><br \/>\n<\/strong><\/p>\n<p><strong>FaceBook: <\/strong><a href=\"https:\/\/www.facebook.com\/pages\/Antik%C3%B6ren-Mynt-Antikt\/292779364145590\" target=\"_blank\">Antik\u00f6ren Mynt &amp; Antikt<\/a><strong><br \/>\nWebb: <\/strong>\u00a0<a href=\"http:\/\/www.antikoren.se\/\" target=\"_blank\">Antik\u00f6ren.se<\/a><br \/>\n<strong>Blogg: <\/strong>\u00a0<a href=\"http:\/\/myntbloggen.se\/\" target=\"_blank\">Myntbloggen.se<\/a><br \/>\n<strong>eBay: <\/strong>\u00a0<a href=\"http:\/\/stores.ebay.com\/UON-se-COINS-and-ART-MEDALS?refid=store\" target=\"_blank\">Antik\u00f6ren p\u00e5 eBay<\/a><br \/>\n<strong>Tradera:\u00a0<\/strong> <a href=\"http:\/\/www.tradera.com\/finding.mvc\/itemlisting?ftgnr=1140266\">Antik\u00f6ren p\u00e5 Tradera<\/a><\/p>\n<p>&nbsp;<\/p>\n","protected":false},"excerpt":{"rendered":"<p>Handla tryggt hos ANTIK\u00d6REN MYNTHANDEL! V\u00e5ra f\u00f6rs\u00e4ljningsvillkor p\u00e5 eBay och Tradera framg\u00e5r av respektive annons. P\u00e5 dessa sajter anv\u00e4nder vi automatiska avslutsmail. Har du inte f\u00e5tt n\u00e5got s\u00e5dant &#8211; h\u00f6r av dig! H\u00e4r p\u00e5 Antik\u00f6ren.se\u00a0g\u00f6rs best\u00e4llningarna enklast via e-post. V\u00e4nligen inv\u00e4nta en orderbekr\u00e4ftelse med fraktkostnad innan Du betalar &#8230; och ange sedan\u00a0ordernummer p\u00e5 Din inbetalningen [&hellip;]<\/p>\n","protected":false},"author":1,"featured_media":0,"parent":72,"menu_order":0,"comment_status":"open","ping_status":"open","template":"","meta":{"footnotes":""},"class_list":["post-263","page","type-page","status-publish","hentry"],"_links":{"self":[{"href":"http:\/\/antikoren.se\/mynthandeln\/wp-json\/wp\/v2\/pages\/263","targetHints":{"allow":["GET"]}}],"collection":[{"href":"http:\/\/antikoren.se\/mynthandeln\/wp-json\/wp\/v2\/pages"}],"about":[{"href":"http:\/\/antikoren.se\/mynthandeln\/wp-json\/wp\/v2\/types\/page"}],"author":[{"embeddable":true,"href":"http:\/\/antikoren.se\/mynthandeln\/wp-json\/wp\/v2\/users\/1"}],"replies":[{"embeddable":true,"href":"http:\/\/antikoren.se\/mynthandeln\/wp-json\/wp\/v2\/comments?post=263"}],"version-history":[{"count":15,"href":"http:\/\/antikoren.se\/mynthandeln\/wp-json\/wp\/v2\/pages\/263\/revisions"}],"predecessor-version":[{"id":562,"href":"http:\/\/antikoren.se\/mynthandeln\/wp-json\/wp\/v2\/pages\/263\/revisions\/562"}],"up":[{"embeddable":true,"href":"http:\/\/antikoren.se\/mynthandeln\/wp-json\/wp\/v2\/pages\/72"}],"wp:attachment":[{"href":"http:\/\/antikoren.se\/mynthandeln\/wp-json\/wp\/v2\/media?parent=263"}],"curies":[{"name":"wp","href":"https:\/\/api.w.org\/{rel}","templated":true}]}}