{"id":26,"date":"2013-02-16T16:52:37","date_gmt":"2013-02-16T15:52:37","guid":{"rendered":"http:\/\/antikoren.se\/mynthandeln\/?page_id=26"},"modified":"2013-02-22T19:15:58","modified_gmt":"2013-02-22T18:15:58","slug":"medaljer-medals","status":"publish","type":"page","link":"http:\/\/antikoren.se\/mynthandeln\/medaljer-medals\/","title":{"rendered":"MEDALJER \/ Medals"},"content":{"rendered":"<p><a href=\"http:\/\/media.antikoren.se\/2013\/02\/medalj_vinjett_720.jpg\"><img loading=\"lazy\" decoding=\"async\" class=\"alignnone size-full wp-image-192\" alt=\"medalj_vinjett_720\" src=\"http:\/\/media.antikoren.se\/2013\/02\/medalj_vinjett_720.jpg\" width=\"720\" height=\"160\" srcset=\"http:\/\/media.antikoren.se\/2013\/02\/medalj_vinjett_720.jpg 720w, http:\/\/media.antikoren.se\/2013\/02\/medalj_vinjett_720-300x66.jpg 300w, http:\/\/media.antikoren.se\/2013\/02\/medalj_vinjett_720-500x111.jpg 500w\" sizes=\"auto, (max-width: 720px) 100vw, 720px\" \/><\/a><\/p>\n<p><strong>Medaljavdelningen h\u00e4r p\u00e5 Antik\u00f6ren.se \u00e4r uppdelad i f\u00f6ljande huvudkategorier:<\/strong><\/p>\n<ul>\n<li><a href=\"http:\/\/antikoren.se\/mynthandeln\/medaljer-medals\/historical-medals\/\"><strong>HISTORISKA MEDALJER<\/strong><\/a><\/li>\n<li><a href=\"http:\/\/antikoren.se\/mynthandeln\/medaljer-medals\/art-medals\/\"><strong>KONSTMEDALJER<\/strong><\/a><\/li>\n<li><a href=\"http:\/\/antikoren.se\/mynthandeln\/medaljer-medals\/medals-by-theme\/\"><strong>TEMAMEDALJER<\/strong><\/a><\/li>\n<\/ul>\n<p><strong>FR\u00c5GOR &amp; BEST\u00c4LLNINGAR:<br \/>\n<\/strong><a href=\"MAILTO:uon@live.se\" target=\"blank\"><img loading=\"lazy\" decoding=\"async\" alt=\"\" src=\"http:\/\/www.antikoren.se\/email_uon_183x33.jpg\" width=\"183\" height=\"33\" border=\"0\" \/><\/a><\/p>\n<p><strong>V\u00e4lkommen till Antik\u00f6ren.se!<\/strong><br \/>\n\/Ulf Ottosson<\/p>\n<hr \/>\n<p>&nbsp;<\/p>\n<p><img loading=\"lazy\" decoding=\"async\" alt=\"\" src=\"http:\/\/www.uon.se\/english.gif\" width=\"32\" height=\"20\" border=\"0\" \/> <em><strong>Welcome to ANTIKOREN!<\/strong>\u00a0 We have been collecting and dealing with COINS and ART MEDALS since the 1970&#8217;s and arranged +50 International Coin Auctions since 1986. After 25 years with an open store in Gothenburg, SWEDEN, we are now dealing exclusively over the Internet, primarily on Antikoren.se, eBay.com and Tradera.com.<\/em><\/p>\n<p><strong>The medal category on Antikoren.se is divided into the following main categories:<\/strong><\/p>\n<ul>\n<li><a href=\"http:\/\/antikoren.se\/mynthandeln\/medaljer-medals\/historical-medals\/\"><strong>HISTORICAL MEDALS<\/strong><\/a><\/li>\n<li><a href=\"http:\/\/antikoren.se\/mynthandeln\/medaljer-medals\/art-medals\/\"><strong>ART MEDALS<\/strong><\/a><\/li>\n<li><a href=\"http:\/\/antikoren.se\/mynthandeln\/medaljer-medals\/medals-by-theme\/\"><strong>MEDALS BY THEME<\/strong><\/a><\/li>\n<\/ul>\n<p><strong>QUESTIONS &amp; ORDERS:<br \/>\n<\/strong> <a href=\"MAILTO:uon@live.se\" target=\"blank\"><img loading=\"lazy\" decoding=\"async\" alt=\"\" src=\"http:\/\/www.antikoren.se\/email_uon_183x33.jpg\" width=\"183\" height=\"33\" border=\"0\" \/><\/a><\/p>\n<p><strong>Welcome to till Antikoren.se!<\/strong><br \/>\n\/Ulf Ottosson<\/p>\n<p>&nbsp;<\/p>\n<p>&nbsp;<\/p>\n","protected":false},"excerpt":{"rendered":"<p>Medaljavdelningen h\u00e4r p\u00e5 Antik\u00f6ren.se \u00e4r uppdelad i f\u00f6ljande huvudkategorier: HISTORISKA MEDALJER KONSTMEDALJER TEMAMEDALJER FR\u00c5GOR &amp; BEST\u00c4LLNINGAR: V\u00e4lkommen till Antik\u00f6ren.se! \/Ulf Ottosson &nbsp; Welcome to ANTIKOREN!\u00a0 We have been collecting and dealing with COINS and ART MEDALS since the 1970&#8217;s and arranged +50 International Coin Auctions since 1986. After 25 years with an open store in [&hellip;]<\/p>\n","protected":false},"author":1,"featured_media":0,"parent":0,"menu_order":2,"comment_status":"open","ping_status":"open","template":"","meta":{"footnotes":""},"class_list":["post-26","page","type-page","status-publish","hentry"],"_links":{"self":[{"href":"http:\/\/antikoren.se\/mynthandeln\/wp-json\/wp\/v2\/pages\/26","targetHints":{"allow":["GET"]}}],"collection":[{"href":"http:\/\/antikoren.se\/mynthandeln\/wp-json\/wp\/v2\/pages"}],"about":[{"href":"http:\/\/antikoren.se\/mynthandeln\/wp-json\/wp\/v2\/types\/page"}],"author":[{"embeddable":true,"href":"http:\/\/antikoren.se\/mynthandeln\/wp-json\/wp\/v2\/users\/1"}],"replies":[{"embeddable":true,"href":"http:\/\/antikoren.se\/mynthandeln\/wp-json\/wp\/v2\/comments?post=26"}],"version-history":[{"count":6,"href":"http:\/\/antikoren.se\/mynthandeln\/wp-json\/wp\/v2\/pages\/26\/revisions"}],"predecessor-version":[{"id":28,"href":"http:\/\/antikoren.se\/mynthandeln\/wp-json\/wp\/v2\/pages\/26\/revisions\/28"}],"wp:attachment":[{"href":"http:\/\/antikoren.se\/mynthandeln\/wp-json\/wp\/v2\/media?parent=26"}],"curies":[{"name":"wp","href":"https:\/\/api.w.org\/{rel}","templated":true}]}}